{"id":21,"date":"2013-05-02T11:37:51","date_gmt":"2013-05-02T11:37:51","guid":{"rendered":"http:\/\/emilio-gonzalez.com\/?page_id=21"},"modified":"2020-06-01T11:19:24","modified_gmt":"2020-06-01T11:19:24","slug":"monologuista","status":"publish","type":"page","link":"http:\/\/emilio-gonzalez.com\/?page_id=21","title":{"rendered":"MONOLOGUISTA"},"content":{"rendered":"<p>Hace algo m\u00e1s de 4 a\u00f1os cree mi espect\u00e1culo de mon\u00f3logo c\u00f3mico <strong>\u00abHistorias sin importancia<\/strong>\u00bb Un espect\u00e1culo que no para de darme alegr\u00edas. Ha ganado numerosos premios, entre ellos el <strong>2\u00ba puesto en el concurso nacional de mon\u00f3logos,<\/strong> adem\u00e1s de haber realizado m\u00e1s de 200 actuaciones por toda Espa\u00f1a. Actuando en lugares como <strong>la Chocita del Loro de Granvia o el teatro Compac Granvia<\/strong> y apareciendo en varios programas de televisi\u00f3n como el <strong>Club de la Comedia o Este no es un programa cualquiera.<\/strong> He estado durante 3 meses todos los domingos en el teatro <strong>Off de La Latina<\/strong> con gran \u00e9xito de p\u00fablico.<\/p>\n<p><strong>Versi\u00f3n larga resumen de mi show.<\/strong><\/p>\n<div class=\"youtube_sc \" style=\"width:450px;height:350px;\"><noscript><style type=\"text\/css\">.youtube_sc iframe.yp{display:none;}<\/style><object width=\"450\" height=\"350\" class=\"yp\" title=\"YouTube video player\"><param name=\"movie\" value=\"http:\/\/www.youtube.com\/v\/r15j7u-6wsI?version=3&amp;hl=en_US\"><param name=\"allowscriptaccess\" value=\"always\"><param name=\"wmode\" value=\"transparent\"><embed src=\"http:\/\/www.youtube.com\/v\/r15j7u-6wsI?version=3&amp;hl=en_US\" width=\"450\" height=\"350\" class=\"yp\" type=\"application\/x-shockwave-flash\" wmode=\"transparent\" allowscriptaccess=\"always\"><span style=\"display:block;margin-top:15px;\">The Adobe Flash Player is required for video playback.<br><a href=\"http:\/\/get.adobe.com\/flashplayer\/\" title=\"Install from Adobe\">Get the latest Flash Player<\/a> or <a href=\"http:\/\/www.youtube.com\/watch?v=r15j7u-6wsI\" target=\"_blank\" title=\"Watch on YouTube\">Watch this video on YouTube<\/a>.<\/span><\/object><\/noscript><iframe loading=\"lazy\" src=\"http:\/\/www.youtube.com\/embed\/r15j7u-6wsI?version=3&amp;wmode=transparent\" width=\"450\" height=\"350\" class=\"yp\" title=\"YouTube video player\" frameborder=\"0\" allowfullscreen><\/iframe><\/div>\n<p>\u00a0<\/p>\n\n\n<p><strong>UN <\/strong><b>RESUMEN DE MI SHOW EN 1 MINUTO.<\/b><\/p>\n\n\n\n<figure class=\"wp-block-embed-vimeo wp-block-embed is-type-video is-provider-vimeo wp-embed-aspect-16-9 wp-has-aspect-ratio\"><div class=\"wp-block-embed__wrapper\">\nhttps:\/\/vimeo.com\/396424748\n<\/div><\/figure>\n\n\n\n<p><strong>Aqu\u00ed os dejo algunas criticas del p\u00fablico de la p\u00e1gina ATRAPALO.<\/strong><\/p>\n\n\n\n<figure class=\"wp-block-embed-youtube wp-block-embed is-type-video is-provider-youtube wp-embed-aspect-16-9 wp-has-aspect-ratio\"><div class=\"wp-block-embed__wrapper\">\n<iframe loading=\"lazy\" title=\"El P\u00daBLICO HA DICHO.SHOW EMILIO GONZ\u00c1LEZ.\" width=\"500\" height=\"281\" src=\"https:\/\/www.youtube.com\/embed\/h-bWTddrdrY?feature=oembed\" frameborder=\"0\" allow=\"accelerometer; autoplay; clipboard-write; encrypted-media; gyroscope; picture-in-picture; web-share\" referrerpolicy=\"strict-origin-when-cross-origin\" allowfullscreen><\/iframe>\n<\/div><\/figure>\n\n\n\n<p><strong>Los eventos no tienen porque ser aburridos<\/strong>. He presentador m\u00e1s de 300 eventos de mediano y gran formato. Siempre los presento dando toques de humor para hacerlos m\u00e1s din\u00e1micos. Aqu\u00ed una muestra. Evento realizado en el <strong>MINISTERIO DE SANIDAD.<\/strong><\/p>\n\n\n\n<figure class=\"wp-block-embed-youtube wp-block-embed is-type-video is-provider-youtube wp-embed-aspect-16-9 wp-has-aspect-ratio\"><div class=\"wp-block-embed__wrapper\">\n<iframe loading=\"lazy\" title=\"Presentador y c\u00f3mico Eventos Emilio Gonz\u00e1lez.\" width=\"500\" height=\"281\" src=\"https:\/\/www.youtube.com\/embed\/v_gtFNu44ag?feature=oembed\" frameborder=\"0\" allow=\"accelerometer; autoplay; clipboard-write; encrypted-media; gyroscope; picture-in-picture; web-share\" referrerpolicy=\"strict-origin-when-cross-origin\" allowfullscreen><\/iframe>\n<\/div><\/figure>\n\n\n\n<p>Cosas que divertidas que pasan en mis actuaciones. Me encanta improvisar con el p\u00fablico. Hace que mi espect\u00e1culo nunca sea el mismo. <\/p>\n\n\n\n<figure class=\"wp-block-embed-youtube wp-block-embed is-type-video is-provider-youtube wp-embed-aspect-16-9 wp-has-aspect-ratio\"><div class=\"wp-block-embed__wrapper\">\n<iframe loading=\"lazy\" title=\"Emilio Gonz\u00e1lez en el Off de La latina.\" width=\"500\" height=\"281\" src=\"https:\/\/www.youtube.com\/embed\/x2ZMxECZU5c?feature=oembed\" frameborder=\"0\" allow=\"accelerometer; autoplay; clipboard-write; encrypted-media; gyroscope; picture-in-picture; web-share\" referrerpolicy=\"strict-origin-when-cross-origin\" allowfullscreen><\/iframe>\n<\/div><\/figure>\n","protected":false},"excerpt":{"rendered":"<p>Hace algo m\u00e1s de 4 a\u00f1os cree mi espect\u00e1culo de mon\u00f3logo c\u00f3mico \u00abHistorias sin importancia\u00bb Un espect\u00e1culo que no para de darme alegr\u00edas. Ha ganado numerosos premios, entre ellos el 2\u00ba puesto en el concurso nacional de mon\u00f3logos, adem\u00e1s de haber realizado m\u00e1s de 200 actuaciones por toda Espa\u00f1a. Actuando en lugares como la Chocita del Loro de Granvia o el teatro Compac Granvia y apareciendo en varios programas de televisi\u00f3n como el Club de la Comedia o Este no es un programa cualquiera. He estado durante 3 meses todos los domingos en el teatro Off de La Latina con gran \u00e9xito de p\u00fablico. Versi\u00f3n larga resumen de mi show&#8230;.<\/p>\n","protected":false},"author":1,"featured_media":0,"parent":0,"menu_order":0,"comment_status":"open","ping_status":"open","template":"templates\/template-fullwidth.php","meta":{"footnotes":""},"class_list":["post-21","page","type-page","status-publish","hentry"],"_links":{"self":[{"href":"http:\/\/emilio-gonzalez.com\/index.php?rest_route=\/wp\/v2\/pages\/21","targetHints":{"allow":["GET"]}}],"collection":[{"href":"http:\/\/emilio-gonzalez.com\/index.php?rest_route=\/wp\/v2\/pages"}],"about":[{"href":"http:\/\/emilio-gonzalez.com\/index.php?rest_route=\/wp\/v2\/types\/page"}],"author":[{"embeddable":true,"href":"http:\/\/emilio-gonzalez.com\/index.php?rest_route=\/wp\/v2\/users\/1"}],"replies":[{"embeddable":true,"href":"http:\/\/emilio-gonzalez.com\/index.php?rest_route=%2Fwp%2Fv2%2Fcomments&post=21"}],"version-history":[{"count":15,"href":"http:\/\/emilio-gonzalez.com\/index.php?rest_route=\/wp\/v2\/pages\/21\/revisions"}],"predecessor-version":[{"id":746,"href":"http:\/\/emilio-gonzalez.com\/index.php?rest_route=\/wp\/v2\/pages\/21\/revisions\/746"}],"wp:attachment":[{"href":"http:\/\/emilio-gonzalez.com\/index.php?rest_route=%2Fwp%2Fv2%2Fmedia&parent=21"}],"curies":[{"name":"wp","href":"https:\/\/api.w.org\/{rel}","templated":true}]}}